{"id":124,"date":"2019-08-02T15:44:38","date_gmt":"2019-08-02T13:44:38","guid":{"rendered":"http:\/\/sport-concept.pl\/www\/?page_id=124"},"modified":"2019-08-03T09:18:02","modified_gmt":"2019-08-03T07:18:02","slug":"nawierzchnie-sportowe","status":"publish","type":"page","link":"https:\/\/sport-concept.pl\/index.php\/nawierzchnie-sportowe\/","title":{"rendered":"Nawierzchnie sportowe"},"content":{"rendered":"<p>Od pocz\u0105tku swojej dzia\u0142alno\u015bci w bran\u017cy budownictwa sportowego firma SPORT CONCEPT oferuje swoim klientom nawierzchnie z trawy syntetycznej. Zastosowania tego typu zdoby\u0142y w Polsce du\u017c\u0105 popularno\u015b\u0107 i obecnie stanowi\u0105 jedn\u0105 z najcz\u0119\u015bciej wybieranych nawierzchni sportowych przez inwestor\u00f3w prywatnych jak i przez sektor publiczny. Trawa syntetyczna pozwala na stworzenie funkcjonalnej nawierzchni i dostosowanie jej do okre\u015blonych dyscyplin sportowych.<br \/>\n<img loading=\"lazy\" decoding=\"async\" class=\"aligncenter wp-image-130 size-full\" src=\"http:\/\/sport-concept.pl\/www\/wp-content\/uploads\/2019\/08\/01_01.jpg\" alt=\"\" width=\"1023\" height=\"544\" srcset=\"https:\/\/sport-concept.pl\/wp-content\/uploads\/2019\/08\/01_01.jpg 1023w, https:\/\/sport-concept.pl\/wp-content\/uploads\/2019\/08\/01_01-300x160.jpg 300w, https:\/\/sport-concept.pl\/wp-content\/uploads\/2019\/08\/01_01-768x408.jpg 768w, https:\/\/sport-concept.pl\/wp-content\/uploads\/2019\/08\/01_01-750x399.jpg 750w\" sizes=\"auto, (max-width: 1023px) 100vw, 1023px\" \/><br \/>\nTrawa syntetyczna wytwarzana jest w technologii taftowania (tak\u017ce tkania), bazuj\u0105cej w wi\u0119kszo\u015bci na w\u0142\u00f3knie polipropylenowym. G\u0142\u00f3wnymi parametrami technicznymi sztucznej trawy s\u0105: wysoko\u015b\u0107 (grubo\u015b\u0107 ca\u0142kowita) nawierzchni oraz g\u0119sto\u015b\u0107 (liczba w\u0142\u00f3kien przypadaj\u0105ca na metr kwadratowy nawierzchni). Trawa syntetyczna zbudowana jest z osnowy, tkanej z w\u0142\u00f3kien polipropylenowych &#8222;bazy&#8221;, oraz z przetkanych przez osnow\u0119 w\u0142\u00f3kien, powi\u0105zanych w p\u0119czki, okre\u015blanych &#8222;\u017ad\u017ab\u0142ami&#8221;. Ca\u0142o\u015b\u0107 od spodu zabezpieczona jest warstw\u0105 lateksu. Do odprowadzenia wody s\u0142u\u017c\u0105 otwory w osnowie tzw. perforacja (\u015brednica oko\u0142o 3 mm), rozstawione w odleg\u0142o\u015bci od siebie co 30-40cm. Trawa sztuczna produkowana jest w dw\u00f3ch kolorach: zielonym i czerwonym, co pozwala na u\u0142o\u017cenie oryginalnej, dwukolorowej nawierzchni.<\/p>\n<p>K\u0119pka sztucznej trawy mo\u017ce by\u0107 wytworzona z r\u00f3\u017cnych materia\u0142\u00f3w. Dwie najistotniejsze cechy w\u0142a\u015bciwej k\u0119pki trawy to mocne zespolenie w\u0142\u00f3kien, kt\u00f3re wp\u0142ywa na jej wytrzyma\u0142o\u015b\u0107, oraz regularne wymiary, co zapobiega przed brakami w nawierzchni boisk.<\/p>\n<p>Sztuczne w\u0142\u00f3kna wykonane s\u0105 z polipropylenu, polietylenu, nylonu lub po\u0142\u0105cze\u0144 r\u00f3\u017cnych w\u0142\u00f3kien, rozw\u0142\u00f3knione lub sk\u0142adaj\u0105ce si\u0119 z mono-element\u00f3w.<\/p>\n<p>Niew\u0105tpliw\u0105 zalet\u0105 nawierzchni sportowych, wykonanych z trawy syntetycznej jest ich odporno\u015b\u0107, nieograniczona \u017cadnymi warunkami atmosferycznymi. Pod tym wzgl\u0119dem sztuczna nawierzchnia znacznie przewy\u017csza traw\u0119 naturaln\u0105, kt\u00f3ra stwarza warunki do gry jedynie w sprzyjaj\u0105cych warunkach pogodowych i wymaga regularnej piel\u0119gnacji i konserwacji. Niezale\u017cnie od pory roku i dnia, sztuczna nawierzchnia pozwala na aktywno\u015b\u0107 sportow\u0105, bez konieczno\u015bci jakichkolwiek dzia\u0142a\u0144 piel\u0119gnacyjnych i ochronnych.<br \/>\n<img loading=\"lazy\" decoding=\"async\" class=\"alignnone wp-image-206 size-full\" src=\"http:\/\/sport-concept.pl\/www\/wp-content\/uploads\/2019\/08\/Nawierzchnia_04.jpg\" alt=\"\" width=\"816\" height=\"544\" srcset=\"https:\/\/sport-concept.pl\/wp-content\/uploads\/2019\/08\/Nawierzchnia_04.jpg 816w, https:\/\/sport-concept.pl\/wp-content\/uploads\/2019\/08\/Nawierzchnia_04-300x200.jpg 300w, https:\/\/sport-concept.pl\/wp-content\/uploads\/2019\/08\/Nawierzchnia_04-768x512.jpg 768w, https:\/\/sport-concept.pl\/wp-content\/uploads\/2019\/08\/Nawierzchnia_04-750x500.jpg 750w\" sizes=\"auto, (max-width: 816px) 100vw, 816px\" \/><br \/>\nSztuczne nawierzchnie s\u0105 te\u017c niepor\u00f3wnywalnie bardziej wytrzyma\u0142e od traw naturalnych. Pozwala to na intensywn\u0105 eksploatacj\u0119, bez konieczno\u015bci naprawy uszkodze\u0144, kt\u00f3re powstaj\u0105 podczas rozgrywek sportowych. Nie tylko jednak wytrzyma\u0142o\u015b\u0107, ale r\u00f3wnie\u017c bezpiecze\u0144stwo sportowc\u00f3w jest ogromn\u0105 zalet\u0105 tego typu nawierzchni. Przede wszystkim stwarza ona du\u017c\u0105 amortyzacj\u0119, a tym samym niskie ryzyko kontuzji. Wykazuje r\u00f3wnie\u017c wysok\u0105 dynamik\u0119 odbicia pi\u0142ki i w\u0142a\u015bciwy po\u015blizg.<br \/>\nTrawy syntetyczne s\u0105 zatem doskona\u0142ym zamiennikiem tradycyjnej, naturalnej nawierzchni. Ich wytrzyma\u0142o\u015b\u0107, bezpiecze\u0144stwo u\u017cytkowania oraz brak konieczno\u015bci regularnej odnowy sprawia, \u017ce sztuczne nawierzchnie sportow\u0105 stanowi\u0105 ta\u0144sz\u0105 i lepsz\u0105 inwestycj\u0119.<\/p>\n<p><img loading=\"lazy\" decoding=\"async\" class=\"alignnone wp-image-166 size-full\" src=\"http:\/\/sport-concept.pl\/www\/wp-content\/uploads\/2019\/08\/Foto_NS_02-1.jpg\" alt=\"\" width=\"1200\" height=\"644\" srcset=\"https:\/\/sport-concept.pl\/wp-content\/uploads\/2019\/08\/Foto_NS_02-1.jpg 1200w, https:\/\/sport-concept.pl\/wp-content\/uploads\/2019\/08\/Foto_NS_02-1-300x161.jpg 300w, https:\/\/sport-concept.pl\/wp-content\/uploads\/2019\/08\/Foto_NS_02-1-768x412.jpg 768w, https:\/\/sport-concept.pl\/wp-content\/uploads\/2019\/08\/Foto_NS_02-1-1024x550.jpg 1024w, https:\/\/sport-concept.pl\/wp-content\/uploads\/2019\/08\/Foto_NS_02-1-750x403.jpg 750w\" sizes=\"auto, (max-width: 1200px) 100vw, 1200px\" \/><\/p>\n","protected":false},"excerpt":{"rendered":"<p>Od pocz\u0105tku swojej dzia\u0142alno\u015bci w bran\u017cy budownictwa sportowego firma SPORT CONCEPT oferuje swoim klientom nawierzchnie z trawy syntetycznej. Zastosowania tego typu zdoby\u0142y w Polsce du\u017c\u0105 popularno\u015b\u0107 i obecnie stanowi\u0105 jedn\u0105 [&hellip;]<\/p>\n","protected":false},"author":1,"featured_media":0,"parent":0,"menu_order":0,"comment_status":"closed","ping_status":"closed","template":"","meta":{"footnotes":""},"class_list":["post-124","page","type-page","status-publish","hentry"],"yoast_head":"<!-- This site is optimized with the Yoast SEO plugin v27.1.1 - https:\/\/yoast.com\/product\/yoast-seo-wordpress\/ -->\n<title>Nawierzchnie sportowe &#8211; Sport Concept - Projekt | Budowa | Wyposa\u017cenie<\/title>\n<meta name=\"robots\" content=\"index, follow, max-snippet:-1, max-image-preview:large, max-video-preview:-1\" \/>\n<link rel=\"canonical\" href=\"https:\/\/sport-concept.pl\/index.php\/nawierzchnie-sportowe\/\" \/>\n<meta property=\"og:locale\" content=\"pl_PL\" \/>\n<meta property=\"og:type\" content=\"article\" \/>\n<meta property=\"og:title\" content=\"Nawierzchnie sportowe &#8211; Sport Concept - Projekt | Budowa | Wyposa\u017cenie\" \/>\n<meta property=\"og:description\" content=\"Od pocz\u0105tku swojej dzia\u0142alno\u015bci w bran\u017cy budownictwa sportowego firma SPORT CONCEPT oferuje swoim klientom nawierzchnie z trawy syntetycznej. Zastosowania tego typu zdoby\u0142y w Polsce du\u017c\u0105 popularno\u015b\u0107 i obecnie stanowi\u0105 jedn\u0105 [&hellip;]\" \/>\n<meta property=\"og:url\" content=\"https:\/\/sport-concept.pl\/index.php\/nawierzchnie-sportowe\/\" \/>\n<meta property=\"og:site_name\" content=\"Sport Concept - Projekt | Budowa | Wyposa\u017cenie\" \/>\n<meta property=\"article:publisher\" content=\"https:\/\/www.facebook.com\/sportconceptspzoo\/\" \/>\n<meta property=\"article:modified_time\" content=\"2019-08-03T07:18:02+00:00\" \/>\n<meta property=\"og:image\" content=\"https:\/\/sport-concept.pl\/wp-content\/uploads\/2019\/08\/01_01.jpg\" \/>\n\t<meta property=\"og:image:width\" content=\"1023\" \/>\n\t<meta property=\"og:image:height\" content=\"544\" \/>\n\t<meta property=\"og:image:type\" content=\"image\/jpeg\" \/>\n<meta name=\"twitter:card\" content=\"summary_large_image\" \/>\n<meta name=\"twitter:label1\" content=\"Szacowany czas czytania\" \/>\n\t<meta name=\"twitter:data1\" content=\"2 minuty\" \/>\n<script type=\"application\/ld+json\" class=\"yoast-schema-graph\">{\"@context\":\"https:\/\/schema.org\",\"@graph\":[{\"@type\":\"WebPage\",\"@id\":\"https:\/\/sport-concept.pl\/index.php\/nawierzchnie-sportowe\/\",\"url\":\"https:\/\/sport-concept.pl\/index.php\/nawierzchnie-sportowe\/\",\"name\":\"Nawierzchnie sportowe &#8211; Sport Concept - Projekt | Budowa | Wyposa\u017cenie\",\"isPartOf\":{\"@id\":\"https:\/\/sport-concept.pl\/#website\"},\"primaryImageOfPage\":{\"@id\":\"https:\/\/sport-concept.pl\/index.php\/nawierzchnie-sportowe\/#primaryimage\"},\"image\":{\"@id\":\"https:\/\/sport-concept.pl\/index.php\/nawierzchnie-sportowe\/#primaryimage\"},\"thumbnailUrl\":\"http:\/\/sport-concept.pl\/www\/wp-content\/uploads\/2019\/08\/01_01.jpg\",\"datePublished\":\"2019-08-02T13:44:38+00:00\",\"dateModified\":\"2019-08-03T07:18:02+00:00\",\"breadcrumb\":{\"@id\":\"https:\/\/sport-concept.pl\/index.php\/nawierzchnie-sportowe\/#breadcrumb\"},\"inLanguage\":\"pl-PL\",\"potentialAction\":[{\"@type\":\"ReadAction\",\"target\":[\"https:\/\/sport-concept.pl\/index.php\/nawierzchnie-sportowe\/\"]}]},{\"@type\":\"ImageObject\",\"inLanguage\":\"pl-PL\",\"@id\":\"https:\/\/sport-concept.pl\/index.php\/nawierzchnie-sportowe\/#primaryimage\",\"url\":\"https:\/\/sport-concept.pl\/wp-content\/uploads\/2019\/08\/01_01.jpg\",\"contentUrl\":\"https:\/\/sport-concept.pl\/wp-content\/uploads\/2019\/08\/01_01.jpg\",\"width\":1023,\"height\":544},{\"@type\":\"BreadcrumbList\",\"@id\":\"https:\/\/sport-concept.pl\/index.php\/nawierzchnie-sportowe\/#breadcrumb\",\"itemListElement\":[{\"@type\":\"ListItem\",\"position\":1,\"name\":\"Strona g\u0142\u00f3wna\",\"item\":\"https:\/\/sport-concept.pl\/\"},{\"@type\":\"ListItem\",\"position\":2,\"name\":\"Nawierzchnie sportowe\"}]},{\"@type\":\"WebSite\",\"@id\":\"https:\/\/sport-concept.pl\/#website\",\"url\":\"https:\/\/sport-concept.pl\/\",\"name\":\"Sport Concept Projekt | Budowa | Wyposa\u017cenie\",\"description\":\"Od koncepcji do realizacji...\",\"publisher\":{\"@id\":\"https:\/\/sport-concept.pl\/#organization\"},\"potentialAction\":[{\"@type\":\"SearchAction\",\"target\":{\"@type\":\"EntryPoint\",\"urlTemplate\":\"https:\/\/sport-concept.pl\/?s={search_term_string}\"},\"query-input\":{\"@type\":\"PropertyValueSpecification\",\"valueRequired\":true,\"valueName\":\"search_term_string\"}}],\"inLanguage\":\"pl-PL\"},{\"@type\":\"Organization\",\"@id\":\"https:\/\/sport-concept.pl\/#organization\",\"name\":\"SPORT CONCEPT SP. Z O.O.\",\"url\":\"https:\/\/sport-concept.pl\/\",\"logo\":{\"@type\":\"ImageObject\",\"inLanguage\":\"pl-PL\",\"@id\":\"https:\/\/sport-concept.pl\/#\/schema\/logo\/image\/\",\"url\":\"https:\/\/sport-concept.pl\/wp-content\/uploads\/2020\/01\/logo.jpg\",\"contentUrl\":\"https:\/\/sport-concept.pl\/wp-content\/uploads\/2020\/01\/logo.jpg\",\"width\":600,\"height\":471,\"caption\":\"SPORT CONCEPT SP. Z O.O.\"},\"image\":{\"@id\":\"https:\/\/sport-concept.pl\/#\/schema\/logo\/image\/\"},\"sameAs\":[\"https:\/\/www.facebook.com\/sportconceptspzoo\/\",\"https:\/\/www.instagram.com\/sportconceptspzoo\/\"]}]}<\/script>\n<!-- \/ Yoast SEO plugin. -->","yoast_head_json":{"title":"Nawierzchnie sportowe &#8211; Sport Concept - Projekt | Budowa | Wyposa\u017cenie","robots":{"index":"index","follow":"follow","max-snippet":"max-snippet:-1","max-image-preview":"max-image-preview:large","max-video-preview":"max-video-preview:-1"},"canonical":"https:\/\/sport-concept.pl\/index.php\/nawierzchnie-sportowe\/","og_locale":"pl_PL","og_type":"article","og_title":"Nawierzchnie sportowe &#8211; Sport Concept - Projekt | Budowa | Wyposa\u017cenie","og_description":"Od pocz\u0105tku swojej dzia\u0142alno\u015bci w bran\u017cy budownictwa sportowego firma SPORT CONCEPT oferuje swoim klientom nawierzchnie z trawy syntetycznej. Zastosowania tego typu zdoby\u0142y w Polsce du\u017c\u0105 popularno\u015b\u0107 i obecnie stanowi\u0105 jedn\u0105 [&hellip;]","og_url":"https:\/\/sport-concept.pl\/index.php\/nawierzchnie-sportowe\/","og_site_name":"Sport Concept - Projekt | Budowa | Wyposa\u017cenie","article_publisher":"https:\/\/www.facebook.com\/sportconceptspzoo\/","article_modified_time":"2019-08-03T07:18:02+00:00","og_image":[{"width":1023,"height":544,"url":"https:\/\/sport-concept.pl\/wp-content\/uploads\/2019\/08\/01_01.jpg","type":"image\/jpeg"}],"twitter_card":"summary_large_image","twitter_misc":{"Szacowany czas czytania":"2 minuty"},"schema":{"@context":"https:\/\/schema.org","@graph":[{"@type":"WebPage","@id":"https:\/\/sport-concept.pl\/index.php\/nawierzchnie-sportowe\/","url":"https:\/\/sport-concept.pl\/index.php\/nawierzchnie-sportowe\/","name":"Nawierzchnie sportowe &#8211; Sport Concept - Projekt | Budowa | Wyposa\u017cenie","isPartOf":{"@id":"https:\/\/sport-concept.pl\/#website"},"primaryImageOfPage":{"@id":"https:\/\/sport-concept.pl\/index.php\/nawierzchnie-sportowe\/#primaryimage"},"image":{"@id":"https:\/\/sport-concept.pl\/index.php\/nawierzchnie-sportowe\/#primaryimage"},"thumbnailUrl":"http:\/\/sport-concept.pl\/www\/wp-content\/uploads\/2019\/08\/01_01.jpg","datePublished":"2019-08-02T13:44:38+00:00","dateModified":"2019-08-03T07:18:02+00:00","breadcrumb":{"@id":"https:\/\/sport-concept.pl\/index.php\/nawierzchnie-sportowe\/#breadcrumb"},"inLanguage":"pl-PL","potentialAction":[{"@type":"ReadAction","target":["https:\/\/sport-concept.pl\/index.php\/nawierzchnie-sportowe\/"]}]},{"@type":"ImageObject","inLanguage":"pl-PL","@id":"https:\/\/sport-concept.pl\/index.php\/nawierzchnie-sportowe\/#primaryimage","url":"https:\/\/sport-concept.pl\/wp-content\/uploads\/2019\/08\/01_01.jpg","contentUrl":"https:\/\/sport-concept.pl\/wp-content\/uploads\/2019\/08\/01_01.jpg","width":1023,"height":544},{"@type":"BreadcrumbList","@id":"https:\/\/sport-concept.pl\/index.php\/nawierzchnie-sportowe\/#breadcrumb","itemListElement":[{"@type":"ListItem","position":1,"name":"Strona g\u0142\u00f3wna","item":"https:\/\/sport-concept.pl\/"},{"@type":"ListItem","position":2,"name":"Nawierzchnie sportowe"}]},{"@type":"WebSite","@id":"https:\/\/sport-concept.pl\/#website","url":"https:\/\/sport-concept.pl\/","name":"Sport Concept Projekt | Budowa | Wyposa\u017cenie","description":"Od koncepcji do realizacji...","publisher":{"@id":"https:\/\/sport-concept.pl\/#organization"},"potentialAction":[{"@type":"SearchAction","target":{"@type":"EntryPoint","urlTemplate":"https:\/\/sport-concept.pl\/?s={search_term_string}"},"query-input":{"@type":"PropertyValueSpecification","valueRequired":true,"valueName":"search_term_string"}}],"inLanguage":"pl-PL"},{"@type":"Organization","@id":"https:\/\/sport-concept.pl\/#organization","name":"SPORT CONCEPT SP. Z O.O.","url":"https:\/\/sport-concept.pl\/","logo":{"@type":"ImageObject","inLanguage":"pl-PL","@id":"https:\/\/sport-concept.pl\/#\/schema\/logo\/image\/","url":"https:\/\/sport-concept.pl\/wp-content\/uploads\/2020\/01\/logo.jpg","contentUrl":"https:\/\/sport-concept.pl\/wp-content\/uploads\/2020\/01\/logo.jpg","width":600,"height":471,"caption":"SPORT CONCEPT SP. Z O.O."},"image":{"@id":"https:\/\/sport-concept.pl\/#\/schema\/logo\/image\/"},"sameAs":["https:\/\/www.facebook.com\/sportconceptspzoo\/","https:\/\/www.instagram.com\/sportconceptspzoo\/"]}]}},"_links":{"self":[{"href":"https:\/\/sport-concept.pl\/index.php\/wp-json\/wp\/v2\/pages\/124","targetHints":{"allow":["GET"]}}],"collection":[{"href":"https:\/\/sport-concept.pl\/index.php\/wp-json\/wp\/v2\/pages"}],"about":[{"href":"https:\/\/sport-concept.pl\/index.php\/wp-json\/wp\/v2\/types\/page"}],"author":[{"embeddable":true,"href":"https:\/\/sport-concept.pl\/index.php\/wp-json\/wp\/v2\/users\/1"}],"replies":[{"embeddable":true,"href":"https:\/\/sport-concept.pl\/index.php\/wp-json\/wp\/v2\/comments?post=124"}],"version-history":[{"count":8,"href":"https:\/\/sport-concept.pl\/index.php\/wp-json\/wp\/v2\/pages\/124\/revisions"}],"predecessor-version":[{"id":207,"href":"https:\/\/sport-concept.pl\/index.php\/wp-json\/wp\/v2\/pages\/124\/revisions\/207"}],"wp:attachment":[{"href":"https:\/\/sport-concept.pl\/index.php\/wp-json\/wp\/v2\/media?parent=124"}],"curies":[{"name":"wp","href":"https:\/\/api.w.org\/{rel}","templated":true}]}}