{"id":39,"date":"2019-08-02T09:40:03","date_gmt":"2019-08-02T07:40:03","guid":{"rendered":"http:\/\/sport-concept.pl\/www\/?page_id=39"},"modified":"2020-01-22T20:41:43","modified_gmt":"2020-01-22T19:41:43","slug":"korty-tenisowe","status":"publish","type":"page","link":"https:\/\/sport-concept.pl\/index.php\/korty-tenisowe\/","title":{"rendered":"Korty tenisowe"},"content":{"rendered":"Tenis ziemny to szlachetny sport, wymagaj\u0105cy odpowiedniej oprawy i przygotowania. Odpowiednia nawierzchnia jest podstaw\u0105 bezpiecznej i efektywnej gry. Trawa syntetyczna to idealne pod\u0142o\u017ce kortu, kt\u00f3re dzi\u0119ki swojej trwa\u0142o\u015bci i wytrzyma\u0142o\u015bci na r\u00f3\u017cne warunki atmosferyczne pozwala na nieograniczon\u0105 eksploatacj\u0119 pod\u0142o\u017ca.\n<img loading=\"lazy\" decoding=\"async\" class=\"alignnone wp-image-130 size-full\" src=\"http:\/\/sport-concept.pl\/www\/wp-content\/uploads\/2019\/08\/01_01.jpg\" alt=\"\" width=\"1023\" height=\"544\" srcset=\"https:\/\/sport-concept.pl\/wp-content\/uploads\/2019\/08\/01_01.jpg 1023w, https:\/\/sport-concept.pl\/wp-content\/uploads\/2019\/08\/01_01-300x160.jpg 300w, https:\/\/sport-concept.pl\/wp-content\/uploads\/2019\/08\/01_01-768x408.jpg 768w, https:\/\/sport-concept.pl\/wp-content\/uploads\/2019\/08\/01_01-750x399.jpg 750w\" sizes=\"auto, (max-width: 1023px) 100vw, 1023px\" \/>\n\nTrawy sztuczne to zaawansowane nawierzchnie syntetyczne, wykonane z w\u0142\u00f3kien nylonowych lub polipropylenowych. Nawierzchnia ze sztucznej trawy stosowana jest nie tylko na kortach tenisowych, ale r\u00f3wnie\u017c na boiskach, obiektach wyczynowych, jak i rekreacyjnych. Warunki gry na sztucznej trawie s\u0105 zbli\u017cone do tych, kt\u00f3re panuj\u0105 na naturalnej murawie, jednak \u017cywotno\u015b\u0107 syntetycznej nawierzchni jest zdecydowanie wi\u0119ksza.\n<img loading=\"lazy\" decoding=\"async\" class=\"alignnone wp-image-161 size-full\" src=\"http:\/\/sport-concept.pl\/www\/wp-content\/uploads\/2019\/08\/f_04.jpg\" alt=\"\" width=\"1200\" height=\"552\" srcset=\"https:\/\/sport-concept.pl\/wp-content\/uploads\/2019\/08\/f_04.jpg 1200w, https:\/\/sport-concept.pl\/wp-content\/uploads\/2019\/08\/f_04-300x138.jpg 300w, https:\/\/sport-concept.pl\/wp-content\/uploads\/2019\/08\/f_04-768x353.jpg 768w, https:\/\/sport-concept.pl\/wp-content\/uploads\/2019\/08\/f_04-1024x471.jpg 1024w, https:\/\/sport-concept.pl\/wp-content\/uploads\/2019\/08\/f_04-750x345.jpg 750w\" sizes=\"auto, (max-width: 1200px) 100vw, 1200px\" \/>\n\nPrzede wszystkim sztuczna trawa si\u0119 &#8222;nie m\u0119czy&#8221;, w odr\u00f3\u017cnieniu od trawnika. Dzi\u0119ki tym w\u0142a\u015bciwo\u015bciom nawierzchni, kort czy boisko mog\u0105 by\u0107 u\u017cytkowane na okr\u0105g\u0142o. Korzystanie z naturalnej murawy nale\u017cy ogranicza\u0107 czasowo, do oko\u0142o 10 godzin tygodniowo.\n\n<!-- \/wp:post-content -->\n\n<!-- wp:paragraph -->\n\nSztuczna trawa uk\u0142adana jest na zewn\u0105trz, jak i w pomieszczeniach. Mo\u017ce by\u0107 u\u017cytkowana przez ca\u0142y rok, nawet zim\u0105, w przeciwie\u0144stwie do naturalnej murawy, kt\u00f3ra w naszych warunkach atmosferycznych daje mo\u017cliwo\u015b\u0107 gry jedynie przez 8 miesi\u0119cy w roku.\n\n<!-- \/wp:paragraph -->\n\n<!-- wp:paragraph -->\n\nWyb\u00f3r i u\u017cytkowanie trawy syntetycznej na kortach tenisowych to tak\u017ce korzy\u015bci dla graczy. Pod\u0142o\u017ce zapewnia bezpieczn\u0105 gr\u0119 dzi\u0119ki odpowiedniej amortyzacji, co eliminuje kontuzje. Zawodnicy chwal\u0105 r\u00f3wnie\u017c dobre odbicie pi\u0142ki i w\u0142a\u015bciwy po\u015blizg. Trawa syntetyczna jest \u0142atwa w utrzymaniu w czysto\u015bci, kolory s\u0105 trwa\u0142e, a pod\u0142o\u017ce odporne na ekstremalne temperatury i promienie UV.\n\n<img loading=\"lazy\" decoding=\"async\" class=\"alignnone wp-image-154 size-full\" src=\"http:\/\/sport-concept.pl\/www\/wp-content\/uploads\/2019\/08\/f_03-1.jpg\" alt=\"\" width=\"1200\" height=\"800\" srcset=\"https:\/\/sport-concept.pl\/wp-content\/uploads\/2019\/08\/f_03-1.jpg 1200w, https:\/\/sport-concept.pl\/wp-content\/uploads\/2019\/08\/f_03-1-300x200.jpg 300w, https:\/\/sport-concept.pl\/wp-content\/uploads\/2019\/08\/f_03-1-768x512.jpg 768w, https:\/\/sport-concept.pl\/wp-content\/uploads\/2019\/08\/f_03-1-1024x683.jpg 1024w, https:\/\/sport-concept.pl\/wp-content\/uploads\/2019\/08\/f_03-1-750x500.jpg 750w\" sizes=\"auto, (max-width: 1200px) 100vw, 1200px\" \/>\n\n<!-- \/wp:paragraph -->\n\n<!-- wp:paragraph -->\n\nZastosowanie pod\u0142o\u017ca syntetycznego to tak\u017ce korzy\u015bci finansowe. Budowa kortu z trawy syntetycznej to ni\u017csze koszty inwestycji i konserwacji pod\u0142o\u017ca, co w po\u0142\u0105czeniu z jego trwa\u0142o\u015bci\u0105 przek\u0142ada si\u0119 na wyj\u0105tkowo niskie koszty utrzymania. Kort mo\u017cna te\u017c dowolnie aran\u017cowa\u0107, dzi\u0119ki wyborowi kolor\u00f3w traw syntetycznych.\n\n<!-- \/wp:paragraph -->","protected":false},"excerpt":{"rendered":"<p>Tenis ziemny to szlachetny sport, wymagaj\u0105cy odpowiedniej oprawy i przygotowania. Odpowiednia nawierzchnia jest podstaw\u0105 bezpiecznej i efektywnej gry. Trawa syntetyczna to idealne pod\u0142o\u017ce kortu, kt\u00f3re dzi\u0119ki swojej trwa\u0142o\u015bci i wytrzyma\u0142o\u015bci [&hellip;]<\/p>\n","protected":false},"author":1,"featured_media":0,"parent":0,"menu_order":2,"comment_status":"closed","ping_status":"closed","template":"","meta":{"footnotes":""},"class_list":["post-39","page","type-page","status-publish","hentry"],"yoast_head":"<!-- This site is optimized with the Yoast SEO plugin v27.1.1 - https:\/\/yoast.com\/product\/yoast-seo-wordpress\/ -->\n<title>Korty tenisowe &#8211; Sport Concept - Projekt | Budowa | Wyposa\u017cenie<\/title>\n<meta name=\"robots\" content=\"index, follow, max-snippet:-1, max-image-preview:large, max-video-preview:-1\" \/>\n<link rel=\"canonical\" href=\"https:\/\/sport-concept.pl\/index.php\/korty-tenisowe\/\" \/>\n<meta property=\"og:locale\" content=\"pl_PL\" \/>\n<meta property=\"og:type\" content=\"article\" \/>\n<meta property=\"og:title\" content=\"Korty tenisowe &#8211; Sport Concept - Projekt | Budowa | Wyposa\u017cenie\" \/>\n<meta property=\"og:description\" content=\"Tenis ziemny to szlachetny sport, wymagaj\u0105cy odpowiedniej oprawy i przygotowania. Odpowiednia nawierzchnia jest podstaw\u0105 bezpiecznej i efektywnej gry. Trawa syntetyczna to idealne pod\u0142o\u017ce kortu, kt\u00f3re dzi\u0119ki swojej trwa\u0142o\u015bci i wytrzyma\u0142o\u015bci [&hellip;]\" \/>\n<meta property=\"og:url\" content=\"https:\/\/sport-concept.pl\/index.php\/korty-tenisowe\/\" \/>\n<meta property=\"og:site_name\" content=\"Sport Concept - Projekt | Budowa | Wyposa\u017cenie\" \/>\n<meta property=\"article:publisher\" content=\"https:\/\/www.facebook.com\/sportconceptspzoo\/\" \/>\n<meta property=\"article:modified_time\" content=\"2020-01-22T19:41:43+00:00\" \/>\n<meta property=\"og:image\" content=\"https:\/\/sport-concept.pl\/wp-content\/uploads\/2019\/08\/01_01.jpg\" \/>\n\t<meta property=\"og:image:width\" content=\"1023\" \/>\n\t<meta property=\"og:image:height\" content=\"544\" \/>\n\t<meta property=\"og:image:type\" content=\"image\/jpeg\" \/>\n<meta name=\"twitter:card\" content=\"summary_large_image\" \/>\n<meta name=\"twitter:label1\" content=\"Szacowany czas czytania\" \/>\n\t<meta name=\"twitter:data1\" content=\"2 minuty\" \/>\n<script type=\"application\/ld+json\" class=\"yoast-schema-graph\">{\"@context\":\"https:\/\/schema.org\",\"@graph\":[{\"@type\":\"WebPage\",\"@id\":\"https:\/\/sport-concept.pl\/index.php\/korty-tenisowe\/\",\"url\":\"https:\/\/sport-concept.pl\/index.php\/korty-tenisowe\/\",\"name\":\"Korty tenisowe &#8211; Sport Concept - Projekt | Budowa | Wyposa\u017cenie\",\"isPartOf\":{\"@id\":\"https:\/\/sport-concept.pl\/#website\"},\"primaryImageOfPage\":{\"@id\":\"https:\/\/sport-concept.pl\/index.php\/korty-tenisowe\/#primaryimage\"},\"image\":{\"@id\":\"https:\/\/sport-concept.pl\/index.php\/korty-tenisowe\/#primaryimage\"},\"thumbnailUrl\":\"http:\/\/sport-concept.pl\/www\/wp-content\/uploads\/2019\/08\/01_01.jpg\",\"datePublished\":\"2019-08-02T07:40:03+00:00\",\"dateModified\":\"2020-01-22T19:41:43+00:00\",\"breadcrumb\":{\"@id\":\"https:\/\/sport-concept.pl\/index.php\/korty-tenisowe\/#breadcrumb\"},\"inLanguage\":\"pl-PL\",\"potentialAction\":[{\"@type\":\"ReadAction\",\"target\":[\"https:\/\/sport-concept.pl\/index.php\/korty-tenisowe\/\"]}]},{\"@type\":\"ImageObject\",\"inLanguage\":\"pl-PL\",\"@id\":\"https:\/\/sport-concept.pl\/index.php\/korty-tenisowe\/#primaryimage\",\"url\":\"https:\/\/sport-concept.pl\/wp-content\/uploads\/2019\/08\/01_01.jpg\",\"contentUrl\":\"https:\/\/sport-concept.pl\/wp-content\/uploads\/2019\/08\/01_01.jpg\",\"width\":1023,\"height\":544},{\"@type\":\"BreadcrumbList\",\"@id\":\"https:\/\/sport-concept.pl\/index.php\/korty-tenisowe\/#breadcrumb\",\"itemListElement\":[{\"@type\":\"ListItem\",\"position\":1,\"name\":\"Strona g\u0142\u00f3wna\",\"item\":\"https:\/\/sport-concept.pl\/\"},{\"@type\":\"ListItem\",\"position\":2,\"name\":\"Korty tenisowe\"}]},{\"@type\":\"WebSite\",\"@id\":\"https:\/\/sport-concept.pl\/#website\",\"url\":\"https:\/\/sport-concept.pl\/\",\"name\":\"Sport Concept Projekt | Budowa | Wyposa\u017cenie\",\"description\":\"Od koncepcji do realizacji...\",\"publisher\":{\"@id\":\"https:\/\/sport-concept.pl\/#organization\"},\"potentialAction\":[{\"@type\":\"SearchAction\",\"target\":{\"@type\":\"EntryPoint\",\"urlTemplate\":\"https:\/\/sport-concept.pl\/?s={search_term_string}\"},\"query-input\":{\"@type\":\"PropertyValueSpecification\",\"valueRequired\":true,\"valueName\":\"search_term_string\"}}],\"inLanguage\":\"pl-PL\"},{\"@type\":\"Organization\",\"@id\":\"https:\/\/sport-concept.pl\/#organization\",\"name\":\"SPORT CONCEPT SP. Z O.O.\",\"url\":\"https:\/\/sport-concept.pl\/\",\"logo\":{\"@type\":\"ImageObject\",\"inLanguage\":\"pl-PL\",\"@id\":\"https:\/\/sport-concept.pl\/#\/schema\/logo\/image\/\",\"url\":\"https:\/\/sport-concept.pl\/wp-content\/uploads\/2020\/01\/logo.jpg\",\"contentUrl\":\"https:\/\/sport-concept.pl\/wp-content\/uploads\/2020\/01\/logo.jpg\",\"width\":600,\"height\":471,\"caption\":\"SPORT CONCEPT SP. Z O.O.\"},\"image\":{\"@id\":\"https:\/\/sport-concept.pl\/#\/schema\/logo\/image\/\"},\"sameAs\":[\"https:\/\/www.facebook.com\/sportconceptspzoo\/\",\"https:\/\/www.instagram.com\/sportconceptspzoo\/\"]}]}<\/script>\n<!-- \/ Yoast SEO plugin. -->","yoast_head_json":{"title":"Korty tenisowe &#8211; Sport Concept - Projekt | Budowa | Wyposa\u017cenie","robots":{"index":"index","follow":"follow","max-snippet":"max-snippet:-1","max-image-preview":"max-image-preview:large","max-video-preview":"max-video-preview:-1"},"canonical":"https:\/\/sport-concept.pl\/index.php\/korty-tenisowe\/","og_locale":"pl_PL","og_type":"article","og_title":"Korty tenisowe &#8211; Sport Concept - Projekt | Budowa | Wyposa\u017cenie","og_description":"Tenis ziemny to szlachetny sport, wymagaj\u0105cy odpowiedniej oprawy i przygotowania. Odpowiednia nawierzchnia jest podstaw\u0105 bezpiecznej i efektywnej gry. Trawa syntetyczna to idealne pod\u0142o\u017ce kortu, kt\u00f3re dzi\u0119ki swojej trwa\u0142o\u015bci i wytrzyma\u0142o\u015bci [&hellip;]","og_url":"https:\/\/sport-concept.pl\/index.php\/korty-tenisowe\/","og_site_name":"Sport Concept - Projekt | Budowa | Wyposa\u017cenie","article_publisher":"https:\/\/www.facebook.com\/sportconceptspzoo\/","article_modified_time":"2020-01-22T19:41:43+00:00","og_image":[{"width":1023,"height":544,"url":"https:\/\/sport-concept.pl\/wp-content\/uploads\/2019\/08\/01_01.jpg","type":"image\/jpeg"}],"twitter_card":"summary_large_image","twitter_misc":{"Szacowany czas czytania":"2 minuty"},"schema":{"@context":"https:\/\/schema.org","@graph":[{"@type":"WebPage","@id":"https:\/\/sport-concept.pl\/index.php\/korty-tenisowe\/","url":"https:\/\/sport-concept.pl\/index.php\/korty-tenisowe\/","name":"Korty tenisowe &#8211; Sport Concept - Projekt | Budowa | Wyposa\u017cenie","isPartOf":{"@id":"https:\/\/sport-concept.pl\/#website"},"primaryImageOfPage":{"@id":"https:\/\/sport-concept.pl\/index.php\/korty-tenisowe\/#primaryimage"},"image":{"@id":"https:\/\/sport-concept.pl\/index.php\/korty-tenisowe\/#primaryimage"},"thumbnailUrl":"http:\/\/sport-concept.pl\/www\/wp-content\/uploads\/2019\/08\/01_01.jpg","datePublished":"2019-08-02T07:40:03+00:00","dateModified":"2020-01-22T19:41:43+00:00","breadcrumb":{"@id":"https:\/\/sport-concept.pl\/index.php\/korty-tenisowe\/#breadcrumb"},"inLanguage":"pl-PL","potentialAction":[{"@type":"ReadAction","target":["https:\/\/sport-concept.pl\/index.php\/korty-tenisowe\/"]}]},{"@type":"ImageObject","inLanguage":"pl-PL","@id":"https:\/\/sport-concept.pl\/index.php\/korty-tenisowe\/#primaryimage","url":"https:\/\/sport-concept.pl\/wp-content\/uploads\/2019\/08\/01_01.jpg","contentUrl":"https:\/\/sport-concept.pl\/wp-content\/uploads\/2019\/08\/01_01.jpg","width":1023,"height":544},{"@type":"BreadcrumbList","@id":"https:\/\/sport-concept.pl\/index.php\/korty-tenisowe\/#breadcrumb","itemListElement":[{"@type":"ListItem","position":1,"name":"Strona g\u0142\u00f3wna","item":"https:\/\/sport-concept.pl\/"},{"@type":"ListItem","position":2,"name":"Korty tenisowe"}]},{"@type":"WebSite","@id":"https:\/\/sport-concept.pl\/#website","url":"https:\/\/sport-concept.pl\/","name":"Sport Concept Projekt | Budowa | Wyposa\u017cenie","description":"Od koncepcji do realizacji...","publisher":{"@id":"https:\/\/sport-concept.pl\/#organization"},"potentialAction":[{"@type":"SearchAction","target":{"@type":"EntryPoint","urlTemplate":"https:\/\/sport-concept.pl\/?s={search_term_string}"},"query-input":{"@type":"PropertyValueSpecification","valueRequired":true,"valueName":"search_term_string"}}],"inLanguage":"pl-PL"},{"@type":"Organization","@id":"https:\/\/sport-concept.pl\/#organization","name":"SPORT CONCEPT SP. Z O.O.","url":"https:\/\/sport-concept.pl\/","logo":{"@type":"ImageObject","inLanguage":"pl-PL","@id":"https:\/\/sport-concept.pl\/#\/schema\/logo\/image\/","url":"https:\/\/sport-concept.pl\/wp-content\/uploads\/2020\/01\/logo.jpg","contentUrl":"https:\/\/sport-concept.pl\/wp-content\/uploads\/2020\/01\/logo.jpg","width":600,"height":471,"caption":"SPORT CONCEPT SP. Z O.O."},"image":{"@id":"https:\/\/sport-concept.pl\/#\/schema\/logo\/image\/"},"sameAs":["https:\/\/www.facebook.com\/sportconceptspzoo\/","https:\/\/www.instagram.com\/sportconceptspzoo\/"]}]}},"_links":{"self":[{"href":"https:\/\/sport-concept.pl\/index.php\/wp-json\/wp\/v2\/pages\/39","targetHints":{"allow":["GET"]}}],"collection":[{"href":"https:\/\/sport-concept.pl\/index.php\/wp-json\/wp\/v2\/pages"}],"about":[{"href":"https:\/\/sport-concept.pl\/index.php\/wp-json\/wp\/v2\/types\/page"}],"author":[{"embeddable":true,"href":"https:\/\/sport-concept.pl\/index.php\/wp-json\/wp\/v2\/users\/1"}],"replies":[{"embeddable":true,"href":"https:\/\/sport-concept.pl\/index.php\/wp-json\/wp\/v2\/comments?post=39"}],"version-history":[{"count":17,"href":"https:\/\/sport-concept.pl\/index.php\/wp-json\/wp\/v2\/pages\/39\/revisions"}],"predecessor-version":[{"id":466,"href":"https:\/\/sport-concept.pl\/index.php\/wp-json\/wp\/v2\/pages\/39\/revisions\/466"}],"wp:attachment":[{"href":"https:\/\/sport-concept.pl\/index.php\/wp-json\/wp\/v2\/media?parent=39"}],"curies":[{"name":"wp","href":"https:\/\/api.w.org\/{rel}","templated":true}]}}