{"id":766,"date":"2026-02-28T14:25:28","date_gmt":"2026-02-28T13:25:28","guid":{"rendered":"https:\/\/sport-concept.pl\/?page_id=766"},"modified":"2026-02-28T15:59:47","modified_gmt":"2026-02-28T14:59:47","slug":"korty-do-padlea","status":"publish","type":"page","link":"https:\/\/sport-concept.pl\/index.php\/korty-do-padlea\/","title":{"rendered":"Korty do Padle&#8217;a"},"content":{"rendered":"\n<p>Padel to dynamicznie rozwijaj\u0105ca si\u0119 dyscyplina sportowa, kt\u00f3ra zdobywa ogromn\u0105 popularno\u015b\u0107 w ca\u0142ej Europie. \u0141\u0105czy elementy tenisa i squasha, jest \u0142atwa do nauczenia i atrakcyjna dla graczy w ka\u017cdym wieku. Firma Sport Concept specjalizuje si\u0119 w kompleksowej realizacji kort\u00f3w do padla \u2013 od projektu, przez dostaw\u0119 konstrukcji, a\u017c po profesjonalny monta\u017c i przygotowanie nawierzchni.<\/p>\n\n\n\n<p>Budujemy korty dostosowane zar\u00f3wno do obiekt\u00f3w komercyjnych, klub\u00f3w sportowych i hoteli, jak i do inwestycji prywatnych. Ka\u017cd\u0105 realizacj\u0119 dopasowujemy do warunk\u00f3w lokalnych oraz oczekiwa\u0144 inwestora, zapewniaj\u0105c najwy\u017csz\u0105 jako\u015b\u0107 wykonania i zgodno\u015b\u0107 z mi\u0119dzynarodowymi standardami.<\/p>\n\n\n\n<h3 class=\"wp-block-heading\">Co obejmuje realizacja kortu do padla:<\/h3>\n\n\n\n<ul class=\"wp-block-list\">\n<li>przygotowanie i niwelacj\u0119 terenu,<\/li>\n\n\n\n<li>wykonanie fundament\u00f3w i podbudowy,<\/li>\n\n\n\n<li>instalacj\u0119 konstrukcji stalowej i paneli szklanych,<\/li>\n\n\n\n<li>monta\u017c siatek i element\u00f3w wyposa\u017cenia,<\/li>\n\n\n\n<li>wykonanie nawierzchni syntetycznej o wysokiej odporno\u015bci, (atest ITF)<\/li>\n\n\n\n<li>monta\u017c o\u015bwietlenia sportowego LED,<\/li>\n\n\n\n<li>ogrodzenie i zabezpieczenia,<\/li>\n\n\n\n<li>wyposa\u017cenie dodatkowe (\u0142awki, wiaty, branding).<\/li>\n<\/ul>\n\n\n\n<p>Nasze korty charakteryzuj\u0105 si\u0119 trwa\u0142o\u015bci\u0105, odporno\u015bci\u0105 na warunki atmosferyczne oraz doskona\u0142ymi parametrami gry. Stosujemy sprawdzone technologie i materia\u0142y, dzi\u0119ki kt\u00f3rym nawierzchnia zapewnia optymaln\u0105 przyczepno\u015b\u0107, komfort i bezpiecze\u0144stwo u\u017cytkownik\u00f3w.<\/p>\n\n\n\n<p>Realizujemy zar\u00f3wno pojedyncze korty, jak i ca\u0142e kompleksy padlowe, wspieraj\u0105c inwestor\u00f3w w tworzeniu nowoczesnych i atrakcyjnych obiekt\u00f3w sportowych.<\/p>\n\n\n\n<figure class=\"wp-block-gallery has-nested-images columns-default is-cropped wp-block-gallery-1 is-layout-flex wp-block-gallery-is-layout-flex\">\n<figure class=\"wp-block-image size-large\"><img loading=\"lazy\" decoding=\"async\" width=\"1024\" height=\"768\" data-id=\"770\" src=\"https:\/\/sport-concept.pl\/wp-content\/uploads\/2026\/02\/IMG_20230823_103450-1024x768.jpg\" alt=\"\" class=\"wp-image-770\" style=\"aspect-ratio:4\/3\" srcset=\"https:\/\/sport-concept.pl\/wp-content\/uploads\/2026\/02\/IMG_20230823_103450-1024x768.jpg 1024w, https:\/\/sport-concept.pl\/wp-content\/uploads\/2026\/02\/IMG_20230823_103450-300x225.jpg 300w, https:\/\/sport-concept.pl\/wp-content\/uploads\/2026\/02\/IMG_20230823_103450-768x576.jpg 768w, https:\/\/sport-concept.pl\/wp-content\/uploads\/2026\/02\/IMG_20230823_103450-750x562.jpg 750w, https:\/\/sport-concept.pl\/wp-content\/uploads\/2026\/02\/IMG_20230823_103450.jpg 1215w\" sizes=\"auto, (max-width: 1024px) 100vw, 1024px\" \/><\/figure>\n\n\n\n<figure class=\"wp-block-image size-large\"><img loading=\"lazy\" decoding=\"async\" width=\"1024\" height=\"768\" data-id=\"775\" src=\"https:\/\/sport-concept.pl\/wp-content\/uploads\/2026\/02\/b5060f77-e6d5-478e-9f2e-83bc4b2ad070-1024x768.jpg\" alt=\"\" class=\"wp-image-775\" style=\"aspect-ratio:4\/3\" srcset=\"https:\/\/sport-concept.pl\/wp-content\/uploads\/2026\/02\/b5060f77-e6d5-478e-9f2e-83bc4b2ad070-1024x768.jpg 1024w, https:\/\/sport-concept.pl\/wp-content\/uploads\/2026\/02\/b5060f77-e6d5-478e-9f2e-83bc4b2ad070-300x225.jpg 300w, https:\/\/sport-concept.pl\/wp-content\/uploads\/2026\/02\/b5060f77-e6d5-478e-9f2e-83bc4b2ad070-768x576.jpg 768w, https:\/\/sport-concept.pl\/wp-content\/uploads\/2026\/02\/b5060f77-e6d5-478e-9f2e-83bc4b2ad070-1536x1152.jpg 1536w, https:\/\/sport-concept.pl\/wp-content\/uploads\/2026\/02\/b5060f77-e6d5-478e-9f2e-83bc4b2ad070-750x563.jpg 750w, https:\/\/sport-concept.pl\/wp-content\/uploads\/2026\/02\/b5060f77-e6d5-478e-9f2e-83bc4b2ad070.jpg 2048w\" sizes=\"auto, (max-width: 1024px) 100vw, 1024px\" \/><\/figure>\n\n\n\n<figure class=\"wp-block-image size-large\"><img loading=\"lazy\" decoding=\"async\" width=\"1024\" height=\"768\" data-id=\"781\" src=\"https:\/\/sport-concept.pl\/wp-content\/uploads\/2026\/02\/203e143b-b200-4715-80f8-015eaf77ffc8-1024x768.jpg\" alt=\"\" class=\"wp-image-781\" style=\"aspect-ratio:4\/3\" srcset=\"https:\/\/sport-concept.pl\/wp-content\/uploads\/2026\/02\/203e143b-b200-4715-80f8-015eaf77ffc8-1024x768.jpg 1024w, https:\/\/sport-concept.pl\/wp-content\/uploads\/2026\/02\/203e143b-b200-4715-80f8-015eaf77ffc8-300x225.jpg 300w, https:\/\/sport-concept.pl\/wp-content\/uploads\/2026\/02\/203e143b-b200-4715-80f8-015eaf77ffc8-768x576.jpg 768w, https:\/\/sport-concept.pl\/wp-content\/uploads\/2026\/02\/203e143b-b200-4715-80f8-015eaf77ffc8-1536x1152.jpg 1536w, https:\/\/sport-concept.pl\/wp-content\/uploads\/2026\/02\/203e143b-b200-4715-80f8-015eaf77ffc8-750x563.jpg 750w, https:\/\/sport-concept.pl\/wp-content\/uploads\/2026\/02\/203e143b-b200-4715-80f8-015eaf77ffc8.jpg 2048w\" sizes=\"auto, (max-width: 1024px) 100vw, 1024px\" \/><\/figure>\n\n\n\n<figure class=\"wp-block-image size-large\"><img loading=\"lazy\" decoding=\"async\" width=\"1024\" height=\"768\" data-id=\"779\" src=\"https:\/\/sport-concept.pl\/wp-content\/uploads\/2026\/02\/4509a3b9-a118-458c-a9ec-3a2126fc0495-1024x768.jpg\" alt=\"\" class=\"wp-image-779\" style=\"aspect-ratio:4\/3\" srcset=\"https:\/\/sport-concept.pl\/wp-content\/uploads\/2026\/02\/4509a3b9-a118-458c-a9ec-3a2126fc0495-1024x768.jpg 1024w, https:\/\/sport-concept.pl\/wp-content\/uploads\/2026\/02\/4509a3b9-a118-458c-a9ec-3a2126fc0495-300x225.jpg 300w, https:\/\/sport-concept.pl\/wp-content\/uploads\/2026\/02\/4509a3b9-a118-458c-a9ec-3a2126fc0495-768x576.jpg 768w, https:\/\/sport-concept.pl\/wp-content\/uploads\/2026\/02\/4509a3b9-a118-458c-a9ec-3a2126fc0495-1536x1152.jpg 1536w, https:\/\/sport-concept.pl\/wp-content\/uploads\/2026\/02\/4509a3b9-a118-458c-a9ec-3a2126fc0495-750x563.jpg 750w, https:\/\/sport-concept.pl\/wp-content\/uploads\/2026\/02\/4509a3b9-a118-458c-a9ec-3a2126fc0495.jpg 2048w\" sizes=\"auto, (max-width: 1024px) 100vw, 1024px\" \/><\/figure>\n\n\n\n<figure class=\"wp-block-image size-large\"><img loading=\"lazy\" decoding=\"async\" width=\"1024\" height=\"768\" data-id=\"780\" src=\"https:\/\/sport-concept.pl\/wp-content\/uploads\/2026\/02\/7ad5ea3b-e8d2-4821-981a-dff6fe8ffa74-1024x768.jpg\" alt=\"\" class=\"wp-image-780\" style=\"aspect-ratio:4\/3\" srcset=\"https:\/\/sport-concept.pl\/wp-content\/uploads\/2026\/02\/7ad5ea3b-e8d2-4821-981a-dff6fe8ffa74-1024x768.jpg 1024w, https:\/\/sport-concept.pl\/wp-content\/uploads\/2026\/02\/7ad5ea3b-e8d2-4821-981a-dff6fe8ffa74-300x225.jpg 300w, https:\/\/sport-concept.pl\/wp-content\/uploads\/2026\/02\/7ad5ea3b-e8d2-4821-981a-dff6fe8ffa74-768x576.jpg 768w, https:\/\/sport-concept.pl\/wp-content\/uploads\/2026\/02\/7ad5ea3b-e8d2-4821-981a-dff6fe8ffa74-1536x1152.jpg 1536w, https:\/\/sport-concept.pl\/wp-content\/uploads\/2026\/02\/7ad5ea3b-e8d2-4821-981a-dff6fe8ffa74-750x563.jpg 750w, https:\/\/sport-concept.pl\/wp-content\/uploads\/2026\/02\/7ad5ea3b-e8d2-4821-981a-dff6fe8ffa74.jpg 2048w\" sizes=\"auto, (max-width: 1024px) 100vw, 1024px\" \/><\/figure>\n\n\n\n<figure class=\"wp-block-image size-large\"><img loading=\"lazy\" decoding=\"async\" width=\"768\" height=\"1024\" data-id=\"774\" src=\"https:\/\/sport-concept.pl\/wp-content\/uploads\/2026\/02\/5d3c980f-667c-4886-b4a7-e5d78e5a21b1-768x1024.jpg\" alt=\"\" class=\"wp-image-774\" style=\"aspect-ratio:4\/3\" srcset=\"https:\/\/sport-concept.pl\/wp-content\/uploads\/2026\/02\/5d3c980f-667c-4886-b4a7-e5d78e5a21b1-768x1024.jpg 768w, https:\/\/sport-concept.pl\/wp-content\/uploads\/2026\/02\/5d3c980f-667c-4886-b4a7-e5d78e5a21b1-225x300.jpg 225w, https:\/\/sport-concept.pl\/wp-content\/uploads\/2026\/02\/5d3c980f-667c-4886-b4a7-e5d78e5a21b1-1152x1536.jpg 1152w, https:\/\/sport-concept.pl\/wp-content\/uploads\/2026\/02\/5d3c980f-667c-4886-b4a7-e5d78e5a21b1-750x1000.jpg 750w, https:\/\/sport-concept.pl\/wp-content\/uploads\/2026\/02\/5d3c980f-667c-4886-b4a7-e5d78e5a21b1.jpg 1536w\" sizes=\"auto, (max-width: 768px) 100vw, 768px\" \/><\/figure>\n\n\n\n<figure class=\"wp-block-image size-large\"><img loading=\"lazy\" decoding=\"async\" width=\"1024\" height=\"768\" data-id=\"776\" src=\"https:\/\/sport-concept.pl\/wp-content\/uploads\/2026\/02\/b2ef482f-6447-475b-ad9c-efbc4de66475-1024x768.jpg\" alt=\"\" class=\"wp-image-776\" style=\"aspect-ratio:4\/3\" srcset=\"https:\/\/sport-concept.pl\/wp-content\/uploads\/2026\/02\/b2ef482f-6447-475b-ad9c-efbc4de66475-1024x768.jpg 1024w, https:\/\/sport-concept.pl\/wp-content\/uploads\/2026\/02\/b2ef482f-6447-475b-ad9c-efbc4de66475-300x225.jpg 300w, https:\/\/sport-concept.pl\/wp-content\/uploads\/2026\/02\/b2ef482f-6447-475b-ad9c-efbc4de66475-768x576.jpg 768w, https:\/\/sport-concept.pl\/wp-content\/uploads\/2026\/02\/b2ef482f-6447-475b-ad9c-efbc4de66475-1536x1152.jpg 1536w, https:\/\/sport-concept.pl\/wp-content\/uploads\/2026\/02\/b2ef482f-6447-475b-ad9c-efbc4de66475-750x563.jpg 750w, https:\/\/sport-concept.pl\/wp-content\/uploads\/2026\/02\/b2ef482f-6447-475b-ad9c-efbc4de66475.jpg 2048w\" sizes=\"auto, (max-width: 1024px) 100vw, 1024px\" \/><\/figure>\n\n\n\n<figure class=\"wp-block-image size-large\"><img loading=\"lazy\" decoding=\"async\" width=\"768\" height=\"1024\" data-id=\"773\" src=\"https:\/\/sport-concept.pl\/wp-content\/uploads\/2026\/02\/86ade432-f88c-4712-82fc-d42ef0b3cbd2-768x1024.jpg\" alt=\"\" class=\"wp-image-773\" style=\"aspect-ratio:4\/3\" srcset=\"https:\/\/sport-concept.pl\/wp-content\/uploads\/2026\/02\/86ade432-f88c-4712-82fc-d42ef0b3cbd2-768x1024.jpg 768w, https:\/\/sport-concept.pl\/wp-content\/uploads\/2026\/02\/86ade432-f88c-4712-82fc-d42ef0b3cbd2-225x300.jpg 225w, https:\/\/sport-concept.pl\/wp-content\/uploads\/2026\/02\/86ade432-f88c-4712-82fc-d42ef0b3cbd2-1152x1536.jpg 1152w, https:\/\/sport-concept.pl\/wp-content\/uploads\/2026\/02\/86ade432-f88c-4712-82fc-d42ef0b3cbd2-750x1000.jpg 750w, https:\/\/sport-concept.pl\/wp-content\/uploads\/2026\/02\/86ade432-f88c-4712-82fc-d42ef0b3cbd2.jpg 1536w\" sizes=\"auto, (max-width: 768px) 100vw, 768px\" \/><\/figure>\n\n\n\n<figure class=\"wp-block-image size-large\"><img loading=\"lazy\" decoding=\"async\" width=\"1024\" height=\"768\" data-id=\"777\" src=\"https:\/\/sport-concept.pl\/wp-content\/uploads\/2026\/02\/73ee917a-4a3b-4c13-b37c-4212b8e57933-1024x768.jpg\" alt=\"\" class=\"wp-image-777\" style=\"aspect-ratio:4\/3\" srcset=\"https:\/\/sport-concept.pl\/wp-content\/uploads\/2026\/02\/73ee917a-4a3b-4c13-b37c-4212b8e57933-1024x768.jpg 1024w, https:\/\/sport-concept.pl\/wp-content\/uploads\/2026\/02\/73ee917a-4a3b-4c13-b37c-4212b8e57933-300x225.jpg 300w, https:\/\/sport-concept.pl\/wp-content\/uploads\/2026\/02\/73ee917a-4a3b-4c13-b37c-4212b8e57933-768x576.jpg 768w, https:\/\/sport-concept.pl\/wp-content\/uploads\/2026\/02\/73ee917a-4a3b-4c13-b37c-4212b8e57933-1536x1152.jpg 1536w, https:\/\/sport-concept.pl\/wp-content\/uploads\/2026\/02\/73ee917a-4a3b-4c13-b37c-4212b8e57933-750x563.jpg 750w, https:\/\/sport-concept.pl\/wp-content\/uploads\/2026\/02\/73ee917a-4a3b-4c13-b37c-4212b8e57933.jpg 2048w\" sizes=\"auto, (max-width: 1024px) 100vw, 1024px\" \/><\/figure>\n<\/figure>\n\n\n\n<p>Je\u015bli planujesz budow\u0119 kortu do padla i szukasz do\u015bwiadczonego wykonawcy \u2014 skontaktuj si\u0119 z nami. Pomo\u017cemy stworzy\u0107 obiekt, kt\u00f3ry przyci\u0105gnie graczy i b\u0119dzie s\u0142u\u017cy\u0142 przez wiele lat.<\/p>\n","protected":false},"excerpt":{"rendered":"<p>Padel to dynamicznie rozwijaj\u0105ca si\u0119 dyscyplina sportowa, kt\u00f3ra zdobywa ogromn\u0105 popularno\u015b\u0107 w ca\u0142ej Europie. \u0141\u0105czy elementy tenisa i squasha, jest \u0142atwa do nauczenia i atrakcyjna dla graczy w ka\u017cdym wieku. [&hellip;]<\/p>\n","protected":false},"author":4,"featured_media":0,"parent":0,"menu_order":0,"comment_status":"closed","ping_status":"closed","template":"","meta":{"footnotes":""},"class_list":["post-766","page","type-page","status-publish","hentry"],"yoast_head":"<!-- This site is optimized with the Yoast SEO plugin v27.1.1 - https:\/\/yoast.com\/product\/yoast-seo-wordpress\/ -->\n<title>Korty do Padle&#039;a &#8211; Sport Concept - Projekt | Budowa | Wyposa\u017cenie<\/title>\n<meta name=\"robots\" content=\"index, follow, max-snippet:-1, max-image-preview:large, max-video-preview:-1\" \/>\n<link rel=\"canonical\" href=\"https:\/\/sport-concept.pl\/index.php\/korty-do-padlea\/\" \/>\n<meta property=\"og:locale\" content=\"pl_PL\" \/>\n<meta property=\"og:type\" content=\"article\" \/>\n<meta property=\"og:title\" content=\"Korty do Padle&#039;a &#8211; Sport Concept - Projekt | Budowa | Wyposa\u017cenie\" \/>\n<meta property=\"og:description\" content=\"Padel to dynamicznie rozwijaj\u0105ca si\u0119 dyscyplina sportowa, kt\u00f3ra zdobywa ogromn\u0105 popularno\u015b\u0107 w ca\u0142ej Europie. \u0141\u0105czy elementy tenisa i squasha, jest \u0142atwa do nauczenia i atrakcyjna dla graczy w ka\u017cdym wieku. [&hellip;]\" \/>\n<meta property=\"og:url\" content=\"https:\/\/sport-concept.pl\/index.php\/korty-do-padlea\/\" \/>\n<meta property=\"og:site_name\" content=\"Sport Concept - Projekt | Budowa | Wyposa\u017cenie\" \/>\n<meta property=\"article:publisher\" content=\"https:\/\/www.facebook.com\/sportconceptspzoo\/\" \/>\n<meta property=\"article:modified_time\" content=\"2026-02-28T14:59:47+00:00\" \/>\n<meta property=\"og:image\" content=\"https:\/\/sport-concept.pl\/wp-content\/uploads\/2026\/02\/IMG_20230823_103450.jpg\" \/>\n\t<meta property=\"og:image:width\" content=\"1215\" \/>\n\t<meta property=\"og:image:height\" content=\"911\" \/>\n\t<meta property=\"og:image:type\" content=\"image\/jpeg\" \/>\n<meta name=\"twitter:card\" content=\"summary_large_image\" \/>\n<meta name=\"twitter:label1\" content=\"Szacowany czas czytania\" \/>\n\t<meta name=\"twitter:data1\" content=\"4 minuty\" \/>\n<script type=\"application\/ld+json\" class=\"yoast-schema-graph\">{\"@context\":\"https:\/\/schema.org\",\"@graph\":[{\"@type\":\"WebPage\",\"@id\":\"https:\/\/sport-concept.pl\/index.php\/korty-do-padlea\/\",\"url\":\"https:\/\/sport-concept.pl\/index.php\/korty-do-padlea\/\",\"name\":\"Korty do Padle'a &#8211; Sport Concept - Projekt | Budowa | Wyposa\u017cenie\",\"isPartOf\":{\"@id\":\"https:\/\/sport-concept.pl\/#website\"},\"primaryImageOfPage\":{\"@id\":\"https:\/\/sport-concept.pl\/index.php\/korty-do-padlea\/#primaryimage\"},\"image\":{\"@id\":\"https:\/\/sport-concept.pl\/index.php\/korty-do-padlea\/#primaryimage\"},\"thumbnailUrl\":\"https:\/\/sport-concept.pl\/wp-content\/uploads\/2026\/02\/IMG_20230823_103450-1024x768.jpg\",\"datePublished\":\"2026-02-28T13:25:28+00:00\",\"dateModified\":\"2026-02-28T14:59:47+00:00\",\"breadcrumb\":{\"@id\":\"https:\/\/sport-concept.pl\/index.php\/korty-do-padlea\/#breadcrumb\"},\"inLanguage\":\"pl-PL\",\"potentialAction\":[{\"@type\":\"ReadAction\",\"target\":[\"https:\/\/sport-concept.pl\/index.php\/korty-do-padlea\/\"]}]},{\"@type\":\"ImageObject\",\"inLanguage\":\"pl-PL\",\"@id\":\"https:\/\/sport-concept.pl\/index.php\/korty-do-padlea\/#primaryimage\",\"url\":\"https:\/\/sport-concept.pl\/wp-content\/uploads\/2026\/02\/IMG_20230823_103450.jpg\",\"contentUrl\":\"https:\/\/sport-concept.pl\/wp-content\/uploads\/2026\/02\/IMG_20230823_103450.jpg\",\"width\":1215,\"height\":911},{\"@type\":\"BreadcrumbList\",\"@id\":\"https:\/\/sport-concept.pl\/index.php\/korty-do-padlea\/#breadcrumb\",\"itemListElement\":[{\"@type\":\"ListItem\",\"position\":1,\"name\":\"Strona g\u0142\u00f3wna\",\"item\":\"https:\/\/sport-concept.pl\/\"},{\"@type\":\"ListItem\",\"position\":2,\"name\":\"Korty do Padle&#8217;a\"}]},{\"@type\":\"WebSite\",\"@id\":\"https:\/\/sport-concept.pl\/#website\",\"url\":\"https:\/\/sport-concept.pl\/\",\"name\":\"Sport Concept Projekt | Budowa | Wyposa\u017cenie\",\"description\":\"Od koncepcji do realizacji...\",\"publisher\":{\"@id\":\"https:\/\/sport-concept.pl\/#organization\"},\"potentialAction\":[{\"@type\":\"SearchAction\",\"target\":{\"@type\":\"EntryPoint\",\"urlTemplate\":\"https:\/\/sport-concept.pl\/?s={search_term_string}\"},\"query-input\":{\"@type\":\"PropertyValueSpecification\",\"valueRequired\":true,\"valueName\":\"search_term_string\"}}],\"inLanguage\":\"pl-PL\"},{\"@type\":\"Organization\",\"@id\":\"https:\/\/sport-concept.pl\/#organization\",\"name\":\"SPORT CONCEPT SP. Z O.O.\",\"url\":\"https:\/\/sport-concept.pl\/\",\"logo\":{\"@type\":\"ImageObject\",\"inLanguage\":\"pl-PL\",\"@id\":\"https:\/\/sport-concept.pl\/#\/schema\/logo\/image\/\",\"url\":\"https:\/\/sport-concept.pl\/wp-content\/uploads\/2020\/01\/logo.jpg\",\"contentUrl\":\"https:\/\/sport-concept.pl\/wp-content\/uploads\/2020\/01\/logo.jpg\",\"width\":600,\"height\":471,\"caption\":\"SPORT CONCEPT SP. Z O.O.\"},\"image\":{\"@id\":\"https:\/\/sport-concept.pl\/#\/schema\/logo\/image\/\"},\"sameAs\":[\"https:\/\/www.facebook.com\/sportconceptspzoo\/\",\"https:\/\/www.instagram.com\/sportconceptspzoo\/\"]}]}<\/script>\n<!-- \/ Yoast SEO plugin. -->","yoast_head_json":{"title":"Korty do Padle'a &#8211; Sport Concept - Projekt | Budowa | Wyposa\u017cenie","robots":{"index":"index","follow":"follow","max-snippet":"max-snippet:-1","max-image-preview":"max-image-preview:large","max-video-preview":"max-video-preview:-1"},"canonical":"https:\/\/sport-concept.pl\/index.php\/korty-do-padlea\/","og_locale":"pl_PL","og_type":"article","og_title":"Korty do Padle'a &#8211; Sport Concept - Projekt | Budowa | Wyposa\u017cenie","og_description":"Padel to dynamicznie rozwijaj\u0105ca si\u0119 dyscyplina sportowa, kt\u00f3ra zdobywa ogromn\u0105 popularno\u015b\u0107 w ca\u0142ej Europie. \u0141\u0105czy elementy tenisa i squasha, jest \u0142atwa do nauczenia i atrakcyjna dla graczy w ka\u017cdym wieku. [&hellip;]","og_url":"https:\/\/sport-concept.pl\/index.php\/korty-do-padlea\/","og_site_name":"Sport Concept - Projekt | Budowa | Wyposa\u017cenie","article_publisher":"https:\/\/www.facebook.com\/sportconceptspzoo\/","article_modified_time":"2026-02-28T14:59:47+00:00","og_image":[{"width":1215,"height":911,"url":"https:\/\/sport-concept.pl\/wp-content\/uploads\/2026\/02\/IMG_20230823_103450.jpg","type":"image\/jpeg"}],"twitter_card":"summary_large_image","twitter_misc":{"Szacowany czas czytania":"4 minuty"},"schema":{"@context":"https:\/\/schema.org","@graph":[{"@type":"WebPage","@id":"https:\/\/sport-concept.pl\/index.php\/korty-do-padlea\/","url":"https:\/\/sport-concept.pl\/index.php\/korty-do-padlea\/","name":"Korty do Padle'a &#8211; Sport Concept - Projekt | Budowa | Wyposa\u017cenie","isPartOf":{"@id":"https:\/\/sport-concept.pl\/#website"},"primaryImageOfPage":{"@id":"https:\/\/sport-concept.pl\/index.php\/korty-do-padlea\/#primaryimage"},"image":{"@id":"https:\/\/sport-concept.pl\/index.php\/korty-do-padlea\/#primaryimage"},"thumbnailUrl":"https:\/\/sport-concept.pl\/wp-content\/uploads\/2026\/02\/IMG_20230823_103450-1024x768.jpg","datePublished":"2026-02-28T13:25:28+00:00","dateModified":"2026-02-28T14:59:47+00:00","breadcrumb":{"@id":"https:\/\/sport-concept.pl\/index.php\/korty-do-padlea\/#breadcrumb"},"inLanguage":"pl-PL","potentialAction":[{"@type":"ReadAction","target":["https:\/\/sport-concept.pl\/index.php\/korty-do-padlea\/"]}]},{"@type":"ImageObject","inLanguage":"pl-PL","@id":"https:\/\/sport-concept.pl\/index.php\/korty-do-padlea\/#primaryimage","url":"https:\/\/sport-concept.pl\/wp-content\/uploads\/2026\/02\/IMG_20230823_103450.jpg","contentUrl":"https:\/\/sport-concept.pl\/wp-content\/uploads\/2026\/02\/IMG_20230823_103450.jpg","width":1215,"height":911},{"@type":"BreadcrumbList","@id":"https:\/\/sport-concept.pl\/index.php\/korty-do-padlea\/#breadcrumb","itemListElement":[{"@type":"ListItem","position":1,"name":"Strona g\u0142\u00f3wna","item":"https:\/\/sport-concept.pl\/"},{"@type":"ListItem","position":2,"name":"Korty do Padle&#8217;a"}]},{"@type":"WebSite","@id":"https:\/\/sport-concept.pl\/#website","url":"https:\/\/sport-concept.pl\/","name":"Sport Concept Projekt | Budowa | Wyposa\u017cenie","description":"Od koncepcji do realizacji...","publisher":{"@id":"https:\/\/sport-concept.pl\/#organization"},"potentialAction":[{"@type":"SearchAction","target":{"@type":"EntryPoint","urlTemplate":"https:\/\/sport-concept.pl\/?s={search_term_string}"},"query-input":{"@type":"PropertyValueSpecification","valueRequired":true,"valueName":"search_term_string"}}],"inLanguage":"pl-PL"},{"@type":"Organization","@id":"https:\/\/sport-concept.pl\/#organization","name":"SPORT CONCEPT SP. Z O.O.","url":"https:\/\/sport-concept.pl\/","logo":{"@type":"ImageObject","inLanguage":"pl-PL","@id":"https:\/\/sport-concept.pl\/#\/schema\/logo\/image\/","url":"https:\/\/sport-concept.pl\/wp-content\/uploads\/2020\/01\/logo.jpg","contentUrl":"https:\/\/sport-concept.pl\/wp-content\/uploads\/2020\/01\/logo.jpg","width":600,"height":471,"caption":"SPORT CONCEPT SP. Z O.O."},"image":{"@id":"https:\/\/sport-concept.pl\/#\/schema\/logo\/image\/"},"sameAs":["https:\/\/www.facebook.com\/sportconceptspzoo\/","https:\/\/www.instagram.com\/sportconceptspzoo\/"]}]}},"_links":{"self":[{"href":"https:\/\/sport-concept.pl\/index.php\/wp-json\/wp\/v2\/pages\/766","targetHints":{"allow":["GET"]}}],"collection":[{"href":"https:\/\/sport-concept.pl\/index.php\/wp-json\/wp\/v2\/pages"}],"about":[{"href":"https:\/\/sport-concept.pl\/index.php\/wp-json\/wp\/v2\/types\/page"}],"author":[{"embeddable":true,"href":"https:\/\/sport-concept.pl\/index.php\/wp-json\/wp\/v2\/users\/4"}],"replies":[{"embeddable":true,"href":"https:\/\/sport-concept.pl\/index.php\/wp-json\/wp\/v2\/comments?post=766"}],"version-history":[{"count":5,"href":"https:\/\/sport-concept.pl\/index.php\/wp-json\/wp\/v2\/pages\/766\/revisions"}],"predecessor-version":[{"id":783,"href":"https:\/\/sport-concept.pl\/index.php\/wp-json\/wp\/v2\/pages\/766\/revisions\/783"}],"wp:attachment":[{"href":"https:\/\/sport-concept.pl\/index.php\/wp-json\/wp\/v2\/media?parent=766"}],"curies":[{"name":"wp","href":"https:\/\/api.w.org\/{rel}","templated":true}]}}